{"id":22211,"date":"2022-06-25T19:27:47","date_gmt":"2023-08-31T15:31:45","guid":{"rendered":"https:\/\/www.thehempers.gr\/product\/pineapple-upside-down-cake-humboldt-seed-company\/"},"modified":"2024-04-23T11:22:26","modified_gmt":"2024-04-23T08:22:26","slug":"pineapple-upside-down-cake-humboldt-seed-company","status":"publish","type":"product","link":"https:\/\/www.thehempers.gr\/en\/product\/pineapple-upside-down-cake-humboldt-seed-company\/","title":{"rendered":"PINEAPPLE UPSIDE DOWN CAKE (Humboldt Seed Company)"},"content":{"rendered":"<p><strong>PINEAPPLE UPSIDE DOWN CAKE (Humboldt Seed Company)<\/strong><\/p>\n<p><strong><span class=\"short-description\">SATIVA EFFECT (40% INDICA 60% SATIVA) |POWERFUL SMELL OF CR\u00caME BR\u00dbL\u00c9E|PINEAPPLE AND VANILLA ICE CREAM| F4<\/span><\/strong><\/p>\n<p>This new strain from Humboldt Seed Company sets the bar high for unique terpene profiles. The product of a huge phenotype hunt in 2017 in Humboldt County, Pineapple Upside Down Cake smells just like its name. The effect is immediately rewarding, uplifting and spiritual. Trainwreck sativa brings a sharp intensity and indica balances its energetic effect.<\/p>\n<div class=\"short-features\"><strong>Type: 40% Indica 60% SativaFlavor \/ Taste: Strong smell of Cr\u00eame Br\u00fbl\u00e9e, pineapple, vanilla ice cream<\/strong><\/div>\n<div class=\"add-item-container\" data-v-e394ba3c=\"\">\n<div class=\"pack-container\" data-v-4cc28280=\"\" data-v-e394ba3c=\"\"><\/div>\n<\/div>\n<h4 class=\"fusion-responsive-typography-calculated\" data-fontsize=\"22\" data-lineheight=\"29.92px\"><\/h4>\n<p>&nbsp;<\/p>\n<p>&nbsp;<\/p>\n","protected":false},"excerpt":{"rendered":"<p>PINEAPPLE UPSIDE DOWN CAKE (Humboldt Seed Company) SATIVA EFFECT (40% INDICA 60% SATIVA) |POWERFUL SMELL OF CR\u00caME BR\u00dbL\u00c9E|PINEAPPLE AND VANILLA ICE CREAM| F4 This new strain from Humboldt Seed Company sets the bar high for unique terpene profiles. The product of a huge phenotype hunt in 2017 in Humboldt County, Pineapple Upside Down Cake smells [&hellip;]<\/p>\n","protected":false},"featured_media":18387,"template":"","meta":{"_acf_changed":false,"_seopress_robots_primary_cat":"362","_seopress_titles_title":"","_seopress_titles_desc":"Said to lift the mood, Pineapple Upside Down Cake really takes the cake when it comes to new and exciting varieties.","_seopress_robots_index":"","inline_featured_image":false},"pwb-brand":[616],"product_brand":[],"product_cat":[475,476],"product_tag":[],"class_list":{"0":"post-22211","1":"product","2":"type-product","3":"status-publish","4":"has-post-thumbnail","6":"pwb-brand-humboldt-seed-company-en","7":"product_cat-seeds","8":"product_cat-photoperiod-cannabis-seeds","10":"first","11":"outofstock","12":"taxable","13":"shipping-taxable","14":"purchasable","15":"product-type-variable","16":"has-default-attributes"},"acf":[],"brands":[{"id":616,"name":"Humboldt Seed Company","slug":"humboldt-seed-company-en"}],"_links":{"self":[{"href":"https:\/\/www.thehempers.gr\/en\/wp-json\/wp\/v2\/product\/22211","targetHints":{"allow":["GET"]}}],"collection":[{"href":"https:\/\/www.thehempers.gr\/en\/wp-json\/wp\/v2\/product"}],"about":[{"href":"https:\/\/www.thehempers.gr\/en\/wp-json\/wp\/v2\/types\/product"}],"wp:featuredmedia":[{"embeddable":true,"href":"https:\/\/www.thehempers.gr\/en\/wp-json\/wp\/v2\/media\/18387"}],"wp:attachment":[{"href":"https:\/\/www.thehempers.gr\/en\/wp-json\/wp\/v2\/media?parent=22211"}],"wp:term":[{"taxonomy":"pwb-brand","embeddable":true,"href":"https:\/\/www.thehempers.gr\/en\/wp-json\/wp\/v2\/pwb-brand?post=22211"},{"taxonomy":"product_brand","embeddable":true,"href":"https:\/\/www.thehempers.gr\/en\/wp-json\/wp\/v2\/product_brand?post=22211"},{"taxonomy":"product_cat","embeddable":true,"href":"https:\/\/www.thehempers.gr\/en\/wp-json\/wp\/v2\/product_cat?post=22211"},{"taxonomy":"product_tag","embeddable":true,"href":"https:\/\/www.thehempers.gr\/en\/wp-json\/wp\/v2\/product_tag?post=22211"}],"curies":[{"name":"wp","href":"https:\/\/api.w.org\/{rel}","templated":true}]}}